{"id":187,"date":"2020-07-22T12:16:53","date_gmt":"2020-07-22T10:16:53","guid":{"rendered":"https:\/\/dev.venicetourbyboat.com\/?page_id=187"},"modified":"2025-03-10T12:29:27","modified_gmt":"2025-03-10T10:29:27","slug":"festa-del-redentore","status":"publish","type":"page","link":"https:\/\/venicetourbyboat.com\/it\/festa-del-redentore\/","title":{"rendered":"Festa del Redentore"},"content":{"rendered":"\n<p><\/p>\n\n\n\n<p><strong>Contattateci per prenotare il vostro redentore in barca, cos\u00ec avrete la possibilit\u00e0 di avere un posto in prima fila per la pi\u00f9 famosa festa veneziana!!!<\/strong><\/p>\n\n\n\n<p>La festa del Redentore \u00e8 l\u2019evento che ricorda la Grazia ricevuta dalla citt\u00e0 e per volere del doge ai tempi in cui fu chiesta, fu fatta la promessa che ogni anno, nel giorno in cui la citt\u00e0 fosse stata dichiarata libera dal flagello, si sarebbe tenuta una processione fino alla nuova chiesa votiva. La sua costruzione per ordine del Senato Veneziano (4 settembre 1576) avvenne sull\u2019isola della Giudecca nell\u2019area del convento francescano. La nuova Chiesa del Redentore quale ex voto per la liberazione della citt\u00e0 dalla peste del 1575\u20131577, flagello che provoc\u00f2 la morte di pi\u00f9 di un terzo della popolazione della citt\u00e0 in soli due anni, Fu commissionata al Palladio.<br>Alla fine della pestilenza, nel luglio del 1577, si decise di festeggiare con decorrenza annuale la liberazione, con allestimento di un ponte votivo.<\/p>\n\n\n\n<p>Questa celebrazione \u00e8 ancora vivissima e cade precisamente nel terzo weekend di luglio, dove moltisimi veneziani con le proprie imbarcazioni si radunano da secoli in bacino san marco per ammirarei i fuochi.<\/p>\n\n\n\n<p>Avrete la possibilit\u00e0 di vivere questa splendita festa all\u2019interno di una tipica barca veneziana, distesi in un comodo salottino aspettando l\u2019inizio dei fuochi d\u2019artificio attorniati da migliaia di barche ancorate che formano piccole isole galleggianti in un atmosfera di festa e fratellanza<\/p>\n\n\n\n<p><\/p>\n\n\n\n<p><\/p>\n\n\n\n<figure class=\"wp-block-gallery columns-3 is-cropped\"><ul class=\"blocks-gallery-grid\"><li class=\"blocks-gallery-item\"><figure><img loading=\"lazy\" width=\"820\" height=\"460\" src=\"https:\/\/venicetourbyboat.com\/wp-content\/uploads\/2020\/07\/7f8df6d09ebd4d0c9e9aa0f3c9f35d02.jpg\" alt=\"\" data-id=\"243\" data-full-url=\"https:\/\/venicetourbyboat.com\/wp-content\/uploads\/2020\/07\/7f8df6d09ebd4d0c9e9aa0f3c9f35d02.jpg\" data-link=\"https:\/\/venicetourbyboat.com\/festa-del-redentore\/7f8df6d09ebd4d0c9e9aa0f3c9f35d02\/\" class=\"wp-image-243\" srcset=\"https:\/\/venicetourbyboat.com\/wp-content\/uploads\/2020\/07\/7f8df6d09ebd4d0c9e9aa0f3c9f35d02.jpg 820w, https:\/\/venicetourbyboat.com\/wp-content\/uploads\/2020\/07\/7f8df6d09ebd4d0c9e9aa0f3c9f35d02-300x168.jpg 300w, https:\/\/venicetourbyboat.com\/wp-content\/uploads\/2020\/07\/7f8df6d09ebd4d0c9e9aa0f3c9f35d02-768x431.jpg 768w\" sizes=\"(max-width: 820px) 100vw, 820px\" \/><\/figure><\/li><li class=\"blocks-gallery-item\"><figure><img loading=\"lazy\" width=\"620\" height=\"340\" src=\"https:\/\/venicetourbyboat.com\/wp-content\/uploads\/2020\/07\/4630643_0943_redentore_2019_11.jpg\" alt=\"\" data-id=\"245\" data-full-url=\"https:\/\/venicetourbyboat.com\/wp-content\/uploads\/2020\/07\/4630643_0943_redentore_2019_11.jpg\" data-link=\"https:\/\/venicetourbyboat.com\/festa-del-redentore\/4630643_0943_redentore_2019_11\/\" class=\"wp-image-245\" srcset=\"https:\/\/venicetourbyboat.com\/wp-content\/uploads\/2020\/07\/4630643_0943_redentore_2019_11.jpg 620w, https:\/\/venicetourbyboat.com\/wp-content\/uploads\/2020\/07\/4630643_0943_redentore_2019_11-300x165.jpg 300w\" sizes=\"(max-width: 620px) 100vw, 620px\" \/><\/figure><\/li><li class=\"blocks-gallery-item\"><figure><img loading=\"lazy\" width=\"1000\" height=\"600\" src=\"https:\/\/venicetourbyboat.com\/wp-content\/uploads\/2020\/07\/redentore-due-1000x600-1.jpg\" alt=\"\" data-id=\"249\" data-full-url=\"https:\/\/venicetourbyboat.com\/wp-content\/uploads\/2020\/07\/redentore-due-1000x600-1.jpg\" data-link=\"https:\/\/venicetourbyboat.com\/festa-del-redentore\/redentore-due-1000x600-1\/\" class=\"wp-image-249\" srcset=\"https:\/\/venicetourbyboat.com\/wp-content\/uploads\/2020\/07\/redentore-due-1000x600-1.jpg 1000w, https:\/\/venicetourbyboat.com\/wp-content\/uploads\/2020\/07\/redentore-due-1000x600-1-300x180.jpg 300w, https:\/\/venicetourbyboat.com\/wp-content\/uploads\/2020\/07\/redentore-due-1000x600-1-768x461.jpg 768w\" sizes=\"(max-width: 1000px) 100vw, 1000px\" \/><\/figure><\/li><li class=\"blocks-gallery-item\"><figure><img loading=\"lazy\" width=\"960\" height=\"669\" src=\"https:\/\/venicetourbyboat.com\/wp-content\/uploads\/2020\/07\/festa-del-redentore.jpg\" alt=\"\" data-id=\"247\" data-full-url=\"https:\/\/venicetourbyboat.com\/wp-content\/uploads\/2020\/07\/festa-del-redentore.jpg\" data-link=\"https:\/\/venicetourbyboat.com\/festa-del-redentore\/festa-del-redentore\/\" class=\"wp-image-247\" srcset=\"https:\/\/venicetourbyboat.com\/wp-content\/uploads\/2020\/07\/festa-del-redentore.jpg 960w, https:\/\/venicetourbyboat.com\/wp-content\/uploads\/2020\/07\/festa-del-redentore-300x209.jpg 300w, https:\/\/venicetourbyboat.com\/wp-content\/uploads\/2020\/07\/festa-del-redentore-768x535.jpg 768w\" sizes=\"(max-width: 960px) 100vw, 960px\" \/><\/figure><\/li><\/ul><\/figure>\n","protected":false},"excerpt":{"rendered":"<p>Contattateci per prenotare il vostro redentore in barca, cos\u00ec avrete la possibilit\u00e0 di avere un posto in prima fila per la pi\u00f9 famosa festa veneziana!!! La festa del Redentore \u00e8 l\u2019evento che ricorda la Grazia [&hellip;]<\/p>\n","protected":false},"author":1,"featured_media":247,"parent":0,"menu_order":0,"comment_status":"closed","ping_status":"closed","template":"","meta":[],"yoast_head":"<!-- This site is optimized with the Yoast SEO plugin v16.5 - https:\/\/yoast.com\/wordpress\/plugins\/seo\/ -->\n<meta name=\"description\" content=\"Contattateci per prenotare il vostro redentore in barca, cos\u00ec avrete la possibilit\u00e0 di avere un posto in prima fila durante la festa.\" \/>\n<meta name=\"robots\" content=\"index, follow, max-snippet:-1, max-image-preview:large, max-video-preview:-1\" \/>\n<link rel=\"canonical\" href=\"https:\/\/venicetourbyboat.com\/it\/festa-del-redentore\/\" \/>\n<meta property=\"og:locale\" content=\"it_IT\" \/>\n<meta property=\"og:type\" content=\"article\" \/>\n<meta property=\"og:title\" content=\"Festa del Redentore: vivi una serata magica - Venice Tour By Boat\" \/>\n<meta property=\"og:description\" content=\"Contattateci per prenotare il vostro redentore in barca, cos\u00ec avrete la possibilit\u00e0 di avere un posto in prima fila durante la festa.\" \/>\n<meta property=\"og:url\" content=\"https:\/\/venicetourbyboat.com\/it\/festa-del-redentore\/\" \/>\n<meta property=\"og:site_name\" content=\"Venice Tour By Boat\" \/>\n<meta property=\"article:modified_time\" content=\"2025-03-10T10:29:27+00:00\" \/>\n<meta property=\"og:image\" content=\"https:\/\/venicetourbyboat.com\/wp-content\/uploads\/2020\/07\/festa-del-redentore.jpg\" \/>\n\t<meta property=\"og:image:width\" content=\"960\" \/>\n\t<meta property=\"og:image:height\" content=\"669\" \/>\n<meta name=\"twitter:card\" content=\"summary_large_image\" \/>\n<meta name=\"twitter:label1\" content=\"Tempo di lettura stimato\" \/>\n\t<meta name=\"twitter:data1\" content=\"2 minuti\" \/>\n<script type=\"application\/ld+json\" class=\"yoast-schema-graph\">{\"@context\":\"https:\/\/schema.org\",\"@graph\":[{\"@type\":\"Organization\",\"@id\":\"https:\/\/venicetourbyboat.com\/it\/#organization\",\"name\":\"Venice Tour By Boat\",\"url\":\"https:\/\/venicetourbyboat.com\/it\/\",\"sameAs\":[],\"logo\":{\"@type\":\"ImageObject\",\"@id\":\"https:\/\/venicetourbyboat.com\/it\/#logo\",\"inLanguage\":\"it-IT\",\"url\":\"https:\/\/venicetourbyboat.com\/wp-content\/uploads\/2020\/08\/NUOVO-LOGO-.png\",\"contentUrl\":\"https:\/\/venicetourbyboat.com\/wp-content\/uploads\/2020\/08\/NUOVO-LOGO-.png\",\"width\":4148,\"height\":2857,\"caption\":\"Venice Tour By Boat\"},\"image\":{\"@id\":\"https:\/\/venicetourbyboat.com\/it\/#logo\"}},{\"@type\":\"WebSite\",\"@id\":\"https:\/\/venicetourbyboat.com\/it\/#website\",\"url\":\"https:\/\/venicetourbyboat.com\/it\/\",\"name\":\"Venice Tour By Boat\",\"description\":\"LITTLE PRICES FOR GREAT EMOTIONS\",\"publisher\":{\"@id\":\"https:\/\/venicetourbyboat.com\/it\/#organization\"},\"potentialAction\":[{\"@type\":\"SearchAction\",\"target\":\"https:\/\/venicetourbyboat.com\/it\/?s={search_term_string}\",\"query-input\":\"required name=search_term_string\"}],\"inLanguage\":\"it-IT\"},{\"@type\":\"ImageObject\",\"@id\":\"https:\/\/venicetourbyboat.com\/it\/festa-del-redentore\/#primaryimage\",\"inLanguage\":\"it-IT\",\"url\":\"https:\/\/venicetourbyboat.com\/wp-content\/uploads\/2020\/07\/festa-del-redentore.jpg\",\"contentUrl\":\"https:\/\/venicetourbyboat.com\/wp-content\/uploads\/2020\/07\/festa-del-redentore.jpg\",\"width\":960,\"height\":669,\"caption\":\"redentore venezia\"},{\"@type\":\"WebPage\",\"@id\":\"https:\/\/venicetourbyboat.com\/it\/festa-del-redentore\/#webpage\",\"url\":\"https:\/\/venicetourbyboat.com\/it\/festa-del-redentore\/\",\"name\":\"Festa del Redentore: vivi una serata magica - Venice Tour By Boat\",\"isPartOf\":{\"@id\":\"https:\/\/venicetourbyboat.com\/it\/#website\"},\"primaryImageOfPage\":{\"@id\":\"https:\/\/venicetourbyboat.com\/it\/festa-del-redentore\/#primaryimage\"},\"datePublished\":\"2020-07-22T10:16:53+00:00\",\"dateModified\":\"2025-03-10T10:29:27+00:00\",\"description\":\"Contattateci per prenotare il vostro redentore in barca, cos\\u00ec avrete la possibilit\\u00e0 di avere un posto in prima fila durante la festa.\",\"breadcrumb\":{\"@id\":\"https:\/\/venicetourbyboat.com\/it\/festa-del-redentore\/#breadcrumb\"},\"inLanguage\":\"it-IT\",\"potentialAction\":[{\"@type\":\"ReadAction\",\"target\":[\"https:\/\/venicetourbyboat.com\/it\/festa-del-redentore\/\"]}]},{\"@type\":\"BreadcrumbList\",\"@id\":\"https:\/\/venicetourbyboat.com\/it\/festa-del-redentore\/#breadcrumb\",\"itemListElement\":[{\"@type\":\"ListItem\",\"position\":1,\"name\":\"Home\",\"item\":\"https:\/\/venicetourbyboat.com\/it\/\"},{\"@type\":\"ListItem\",\"position\":2,\"name\":\"Festa del Redentore\"}]}]}<\/script>\n<!-- \/ Yoast SEO plugin. -->","_links":{"self":[{"href":"https:\/\/venicetourbyboat.com\/it\/wp-json\/wp\/v2\/pages\/187"}],"collection":[{"href":"https:\/\/venicetourbyboat.com\/it\/wp-json\/wp\/v2\/pages"}],"about":[{"href":"https:\/\/venicetourbyboat.com\/it\/wp-json\/wp\/v2\/types\/page"}],"author":[{"embeddable":true,"href":"https:\/\/venicetourbyboat.com\/it\/wp-json\/wp\/v2\/users\/1"}],"replies":[{"embeddable":true,"href":"https:\/\/venicetourbyboat.com\/it\/wp-json\/wp\/v2\/comments?post=187"}],"version-history":[{"count":3,"href":"https:\/\/venicetourbyboat.com\/it\/wp-json\/wp\/v2\/pages\/187\/revisions"}],"predecessor-version":[{"id":1133,"href":"https:\/\/venicetourbyboat.com\/it\/wp-json\/wp\/v2\/pages\/187\/revisions\/1133"}],"wp:featuredmedia":[{"embeddable":true,"href":"https:\/\/venicetourbyboat.com\/it\/wp-json\/wp\/v2\/media\/247"}],"wp:attachment":[{"href":"https:\/\/venicetourbyboat.com\/it\/wp-json\/wp\/v2\/media?parent=187"}],"curies":[{"name":"wp","href":"https:\/\/api.w.org\/{rel}","templated":true}]}}