{"id":181,"date":"2020-07-22T12:08:47","date_gmt":"2020-07-22T10:08:47","guid":{"rendered":"https:\/\/dev.venicetourbyboat.com\/?page_id=181"},"modified":"2026-03-23T10:18:48","modified_gmt":"2026-03-23T08:18:48","slug":"privacy-policy","status":"publish","type":"page","link":"https:\/\/venicetourbyboat.com\/it\/privacy-policy\/","title":{"rendered":"Privacy Policy e utilizzo Cookie"},"content":{"rendered":"\n<p><strong>Politica della privacy o note legali<\/strong><\/p>\n\n\n\n<p><strong>Generalit\u00e0<\/strong><\/p>\n\n\n\n<p>Rachele Zanotto Calle Barovier, 28, 30141, Venezia (VE) ha sviluppato questa Policy Privacy Internet al fine di conformare la propria attivit\u00e0 a quella di soggetto fidato che assicura, rispetta e mantiene il diritto alla privacy dei Visitatori nell\u2019ambiente on-line.<\/p>\n\n\n\n<p>Rachele Zanotto Calle Barovier, 28, 30141, Venezia (VE) societ\u00e0 di diritto italiano registrata al numero di P.IVA 03340390271 e con sede legale in Calle Barovier, 28, 30141, Venezia (VE), \u00e8 il titolare del trattamento dei dati personali eventualmente raccolti attraverso questo sito secondo quanto definito dal Regolamento Europeo GDPR 679\/2016. Il titolare tratter\u00e0 i dati eventualmente raccolti attraverso questo sito web (www.venicetourbyboat.com) per finalit\u00e0, con modalit\u00e0 e secondo quanto specificamente illustrato nel seguito.<\/p>\n\n\n\n<p><strong>Raccolta dei dati personali e finalit\u00e0 del trattamento<\/strong><\/p>\n\n\n\n<p>Rachele Zanotto raccoglier\u00e0 e tratter\u00e0 solamente dati personali volontariamente forniti dai Visitatori di questo sito. I Visitatori sono in grado di navigare nel sito anche senza rivelare informazioni e dati personali. Ciascun Visitatore del sito pu\u00f2 scegliere di fornire a Rachele Zanotto limitati dati personali secondo quanto richiesto al fine di ottenere informazioni sui nostri servizi. Una volta registrati, i dati personali raccolti saranno utilizzati solamente per i servizi indicati nell\u2019informativa disponibile.<\/p>\n\n\n\n<p>I Visitatori del sito possono fornire i loro dati per:<\/p>\n\n\n\n<p>Richiedere informazioni su offerte, disponibilit\u00e0 per tour, eventi<\/p>\n\n\n\n<p><strong>Comunicazione a terzi<\/strong><\/p>\n\n\n\n<p>I dati personali da Voi forniti non saranno oggetto di diffusione a terzi.<\/p>\n\n\n\n<p>Rachele Zanotto non raccoglie deliberatamente, attraverso il sito web, dati personali particolari quali, per esempio, quelli idonei a rivelare lo stato di salute.<\/p>\n\n\n\n<p>I Dati personali, ai sensi dell\u2019art. 4 e 9 del Regolamento Europeo GDPR 679\/2016, includono i dati personali idonei a rivelare l\u2019origine razziale ed etnica, le convinzioni religiose, filosofiche o di altro genere, le opinioni politiche, l\u2019adesione a partiti, sindacati, associazioni od organizzazioni a carattere religioso, filosofico, politico o sindacale, nonch\u00e9 i dati personali idonei a rivelare lo stato di salute e la vita sessuale. I dati giudiziari, sempre ai sensi dell\u2019art. 4 e 10 del Regolamento Europeo GDPR 679\/2016, includono i dati personali idonei a rivelare provvedimenti di cui all\u2019articolo 3, comma 1, lettere da a) a o) e da r) a u), del D.P.R. 14 novembre 2002, n. 313, in materia di casellario giudiziale, di anagrafe delle sanzioni amministrative dipendenti da reato e dei relativi carichi pendenti, o la qualit\u00e0 di imputato o di indagato ai sensi degli articoli 60 e 61 del codice di procedura penale.<\/p>\n\n\n\n<p>Vi raccomandiamo di non fornire tali informazioni attraverso il nostro sito. Nel caso in cui ci\u00f2 sia necessario (ad esempio per il caso allergie o intolleranze alimentari, etc) vi invitiamo a trasmetterci a mezzo mail dichiarazione con l\u2019espressione del vostro consenso in forma scritta al trattamento di queste informazioni.<\/p>\n\n\n\n<p><strong>Collegamenti con siti terzi<\/strong><\/p>\n\n\n\n<p>Si prega di notare che www.venicetourbyboat.com pu\u00f2 contenere collegamenti (links) ad altri siti i quali non sono governati da questa policy privacy.<\/p>\n\n\n\n<p><strong>Conservazione dei dati<\/strong><\/p>\n\n\n\n<p>Le informazioni e i dati personali dei Visitatori raccolti da questo sito, ivi inclusi i dati liberamente forniti al fine di ottenere l\u2019invio di materiale informativo o di altre comunicazioni scrivendo nei form di questo sito, saranno conservati al solo fine di fornire il servizio richiesto e per la durata necessaria al medesimo fine. Una volta completato il servizio, tutti i dati personali saranno cancellati, trasformati in forma anonima o distrutti in aderenza alle policy in materia di conservazione dei dati di Rachele &#8211; Zanotto salvo diversa richiesta dell\u2019autorit\u00e0 e salvo esigenze di conservazione stabilite dalla legge, o da quanto indicato nella presente policy \u201cmisure dell\u2019utilizzo del sito www.venicetourbyboat.com per sezioni particolari del portale, o secondo sue esplicite richieste.<\/p>\n\n\n\n<p><strong>Esercizio dei diritti dell\u2019interessato<\/strong><\/p>\n\n\n\n<p>In qualsiasi momento, ai sensi dell\u2019art. 15 e seguenti del Regolamento Europeo GDPR 679\/2016, sar\u00e0 possibile verificare i propri dati personali raccolti attraverso questo sito ed eventualmente farli correggere, aggiornare o cancellare, o esercitare gli altri diritti riconosciuti per legge, scrivendo o contattando il titolare del trattamento al seguente info@venicetourbyboat.com<\/p>\n\n\n\n<p><strong>Sicurezza dei dati<\/strong><\/p>\n\n\n\n<p>Rachele Zanotto protegge i dati personali attraverso l\u2019applicazione di livelli di sicurezza riconosciuti a livello internazionale, nonch\u00e9 attraverso procedure di sicurezza che proteggono I dati personali contro:<\/p>\n\n\n\n<p>o L\u2019accesso non autorizzato<\/p>\n\n\n\n<p>o L\u2019utilizzo improprio o la divulgazione<\/p>\n\n\n\n<p>o La modifica non autorizzata<\/p>\n\n\n\n<p>o La perdita o la distruzione accidentale o causata da atto illecito<\/p>\n\n\n\n<p><strong>Misure dell\u2019utilizzo del sito www.venicetourbyboat.com<\/strong><\/p>\n\n\n\n<p>Nell\u2019ambito del sito www.venicetourbyboat.com vengono raccolte alcune informazioni personali relative agli accessi web a questo sito tramite l\u2019utilizzo di cookies o tramite la tracciatura di dati relativi al traffico, al tipo di browser e al computer utilizzato in relazione all\u2019indirizzo IP del visitatore. Queste informazioni sono raccolte per indagini statistiche generali e anonime. Ulteriori approfondimenti sono indicati nelle nostro politiche dei cookie che pu\u00f2 trovare nel footer del nostro sito internet.<\/p>\n\n\n\n<p>Riportiamo di seguito indicazioni specifiche riguardanti il funzionamento di sezioni particolari del presente portale:<\/p>\n\n\n\n<p><strong>Sezione RICHIESTA\/PRENOTAZIONE\/BOOKING ON LINE<\/strong><\/p>\n\n\n\n<p>Le sezioni RICHIESTA\/PRENOTA\/BOOKING ON LINE di questo sito offre la possibilit\u00e0 di richiedere informazioni su offerte, disponibilit\u00e0 per tour o per prenotare o acquistare tour o altri nostri servizi . Se decidete di inviare i vostri dati personali essi saranno trattati esclusivamente per tali finalit\u00e0 da personale appositamente incaricato e secondo le normali procedure interne.<\/p>\n\n\n\n<p><strong>Minori di anni 16 e 18 anni<\/strong><\/p>\n\n\n\n<p>Il sito di www.venicetourbyboat.com disciplinato da questa policy privacy non \u00e8 finalizzato all\u2019utilizzo da parte di minori di anni 16 e 18 anni. Comprendiamo l\u2019importanza di proteggere le informazioni destinate ai minori, specialmente in un ambiente on-line e pertanto non raccogliamo n\u00e9 manteniamo deliberatamente dati personali riferiti a minori.<\/p>\n\n\n\n<p><strong>Normativa sull\u2019uso dei cookie<\/strong><\/p>\n\n\n\n<p>L\u2019accesso e la navigazione nel sito, o l\u2019uso dei servizi dello stesso, implicano l\u2019accettazione delle Condizioni Generali stabilite nel nostro Avviso Legale ( e per tanto della Politica di Privacy e Politica di cookies). Per favore, le legga attentamente.<\/p>\n\n\n\n<p>La ringraziamo della visita. Desideriamo che la sua esperienza nel sito sia la migliore possibile, e per questo motivo abbiamo scritto questa politica di cookie nella forma pi\u00f9 trasparente possibile.<\/p>\n\n\n\n<p>Che cos\u2019\u00e8 un cookie?<\/p>\n\n\n\n<p>I cookie sono file che contengono piccole quantit\u00e0 di informazioni che si scaricano nel dispositivo dell\u2019utente che si utilizza quando si visita una pagina Web. La sua finalit\u00e0 principale \u00e8 riconoscere l\u2019utente ogni volta che acceda al nostro sito. Ci permette inoltre di migliorare la qualit\u00e0 e l\u2019usabilit\u00e0 della nostra pagina Web.<\/p>\n\n\n\n<p>I cookie sono essenziali per il funzionamento di Internet; non danneggiano il dispositivo dell\u2019utente e, se sono attivati nelle impostazione del tuo browser, ci aiutano a identificare e a risolvere possibili errori di funzionamento del nostro sito.<\/p>\n\n\n\n<p>Tipi di cookie<\/p>\n\n\n\n<p>Esistono diversi tipi di cookie. Tutti funzionano allo stesso modo, ma hanno delle piccole differenze.<\/p>\n\n\n\n<p>Cookie di sessione: i cookie di sessione durano solamente durante la visita e vengono cancellati quando chiudi il browser. La loro finalit\u00e0 principale \u00e8 identificare il tipo di dispositivo, appoggiare la sicurezza della pagina Web o la sua funzionalit\u00e0 basica. Non contengono informazioni personali che ci permettano di identificare una persona.<br>Cookie persistenti o permanenti: vengono salvati nel disco rigido del dispositivo e la nostra pagina Web li legge ogni volta che visiti il nostro sito; possiedono una data di scadenza determinata, arrivati alla quale smettono di funzionare. Ci permettono di identificare le tue azioni e preferenze; analizzare le visite e ci permettono di comprendere come gli utenti arrivano alla nostra pagina Web e come migliorare i nostri servizi.<br>Cookie di funzionalit\u00e0: permettono al nostro sito di ricordare decisioni adottate dall\u2019utente, come il login. Le informazioni che questi cookie raccolgono si anonimizzano, ci\u00f2 significa che non contengono il tuo nome, indirizzo o altri dati.<br>Cookie di terzi: i cookie di terzi sono i cookie che installa un sito che non stai visitando; per esempio, quelli usati da reti sociali (come Facebook) o da complementi esterni di contenuto (come Google Maps). Inoltre, alcune imprese di pubblicit\u00e0 usano questi tipi di file per seguire le tue visite nei diversi siti che visiti.<br>Cookie analitici: sono cookie che hanno come finalit\u00e0 il mantenimento periodico e garantire il miglior funzionamento e servizio all\u2019utente;<br>Altri cookie di terzi: il sito Web usa anche connettori con reti sociali (Facebook,Twitter, Likedin, YouTube, Pinterest ecc.) che utilizzano cookie che conservano le informazioni degli utenti. Questi cookie non sono controllati da questo sito Web. Per maggiori informazioni sui cookie delle reti sociali si consiglia di revisionare le loro politiche di cookie.<\/p>\n\n\n\n<p>Uso di cookie da parte del nostro sito<\/p>\n\n\n\n<p>Tramite l\u2019accesso al nostro sito, accetti in maniera espressa il fatto che possiamo usare questi tipi di cookie sui tuoi dispositivi. Se disattivi i cookie, pu\u00f2 essere che la tua navigazione nel nostro sito non sia perfetta e alcune delle utilit\u00e0 che dispone non funzionino correttamente.<\/p>\n\n\n\n<p>a) Cookie di terzi, Cookie di Google Analytics<\/p>\n\n\n\n<p>Il sito utilizza il servizio Google Analytics, prestato da Google, Inc., entit\u00e0 la cui base principale si trova a 1600 Amphiteathre Parkway, Mountain View (California), Ca 94043, Stati Uniti (\u201cGoogle\u201d).<\/p>\n\n\n\n<p>Google Analytics utilizza i cookie per aiutarci ad analizzare l\u2019uso del sito da parte degli utenti. Le informazioni che il cookie genera sul tuo uso del sito (includendo il tuo indirizzo IP) sar\u00e0 direttamente trasmessa e archiviata da Google nei suoi server negli Stati Uniti. Google user\u00e0 queste informazioni da parte nostra con il proposito di seguire le tracce del tuo uso sul sito, compilando rapporti sull\u2019attivit\u00e0 nel sito e prestando altri servizi relazioni all\u2019attivit\u00e0 del sito e l\u2019uso di internet. Google potr\u00e0 trasmettere tali informazioni a terzi quando richiesto dalla legislazione, o quando tali terzi elaborino i dati per conto di Google. Google non associer\u00e0 il tuo indirizzo IP a nessun altro dato di cui disponga.<\/p>\n\n\n\n<p>Se lo desideri potrai rifiutare il trattamento dei dati o delle informazioni rifiutando l\u2019uso dei cookie tramite la selezione delle impostazioni appropriate del tuo browser. Nonostante ci\u00f2, \u00e8 possibile che non potrai utilizzare appieno le funzionalit\u00e0 di questo sito. Utilizzando questo sito acconsenti al trattamento delle tue informazioni da parte di Google nel modo e per i fini sopra indicati.<\/p>\n\n\n\n<p>Nome dei cookie:<\/p>\n\n\n\n<p>-utma<br>-utmb<br>-utmc<br>-utmv<br>-utmz<\/p>\n\n\n\n<p>Obiettivi dei cookie:<\/p>\n\n\n\n<p>I cookie di Google Analytics generano un ID di utente anonimo, che si utilizza per contare quante volte lo stesso visita il nostro sito. Registra anche quando \u00e8 stata la prima e l\u2019ultima volta in cui \u00e8 stata visitata la pagina. Calcola inoltre quando la sessione \u00e8 terminata, l\u2019origine dell\u2019utente e la keyword.<\/p>\n\n\n\n<p>Impostazioni per evitare cookie<\/p>\n\n\n\n<p>Dal nostro sito e in accordo con la normativa legale vigente, mettiamo a tua disposizione le informazioni che ti permettono di configurare il tuo browser per mantenere la tua privacy e sicurezza in relazioni ai cookie. Perci\u00f2 ti forniamo le informazioni e collegamenti ai siti ufficiali di supporto dei principali browser perch\u00e9 tu possa decidere di accettare o no l\u2019uso dei cookie.<\/p>\n\n\n\n<p>Potrai cos\u00ec bloccare i cookie attraverso gli strumenti e le impostazioni del browser o configurarlo in modo che ti avvisi quando un server vuole salvare un cookie.<\/p>\n\n\n\n<p>\u2013 Se utilizzi Microsoft Internet Explorer, nelle opzioni del men\u00f9 Strumenti &gt; Opzioni Internet &gt; Privacy &gt; Configurazioni. Per saperne di pi\u00f9 visita http:\/\/windows.microsoft.com\/it-it\/windows-vista\/block-or-allow-cookies e http:\/\/windows.microsoft.com\/it-it\/windows7\/how-to-manage-cookies-in-internet-explorer-9<br>\u2013 Se utilizzi Firefox, nelle opzioni del men\u00f9 Strumenti &gt; Opzioni &gt; Privacy &gt; Cookie. Per saperne di pi\u00f9 visitahttps:\/\/support.mozilla.org\/it\/kb\/Attivare%20e%20disattivare%20i%20cookie<br>\u2013 Se utilizzi Chrome, nella sezione Opzioni &gt; opzioni avanzate &gt; privacy. Per saperne di pi\u00f9 visitahttps:\/\/support.google.com\/chrome\/answer\/95647?hl=it<br>\u2013 Se utilizzi Opera, nelle opzioni di Sicurezza e Privacy potrai configurare il browser. Per saperne di pi\u00f9 visitahttp:\/\/www.opera.com\/help\/tutorials\/security\/cookies\/pera.com\/help\/tutorials\/security\/cookies\/<\/p>\n","protected":false},"excerpt":{"rendered":"<p>Politica della privacy o note legali Generalit\u00e0 Rachele Zanotto Calle Barovier, 28, 30141, Venezia (VE) ha sviluppato questa Policy Privacy Internet al fine di conformare la propria attivit\u00e0 a quella di soggetto fidato che assicura, [&hellip;]<\/p>\n","protected":false},"author":1,"featured_media":0,"parent":0,"menu_order":0,"comment_status":"closed","ping_status":"closed","template":"","meta":[],"yoast_head":"<!-- This site is optimized with the Yoast SEO plugin v16.5 - https:\/\/yoast.com\/wordpress\/plugins\/seo\/ -->\n<meta name=\"robots\" content=\"index, follow, max-snippet:-1, max-image-preview:large, max-video-preview:-1\" \/>\n<link rel=\"canonical\" href=\"https:\/\/venicetourbyboat.com\/it\/privacy-policy\/\" \/>\n<meta property=\"og:locale\" content=\"it_IT\" \/>\n<meta property=\"og:type\" content=\"article\" \/>\n<meta property=\"og:title\" content=\"Privacy Policy e utilizzo Cookie - Venice Tour By Boat\" \/>\n<meta property=\"og:description\" content=\"Politica della privacy o note legali Generalit\u00e0 Rachele Zanotto Calle Barovier, 28, 30141, Venezia (VE) ha sviluppato questa Policy Privacy Internet al fine di conformare la propria attivit\u00e0 a quella di soggetto fidato che assicura, [&hellip;]\" \/>\n<meta property=\"og:url\" content=\"https:\/\/venicetourbyboat.com\/it\/privacy-policy\/\" \/>\n<meta property=\"og:site_name\" content=\"Venice Tour By Boat\" \/>\n<meta property=\"article:modified_time\" content=\"2026-03-23T08:18:48+00:00\" \/>\n<meta name=\"twitter:card\" content=\"summary_large_image\" \/>\n<meta name=\"twitter:label1\" content=\"Tempo di lettura stimato\" \/>\n\t<meta name=\"twitter:data1\" content=\"9 minuti\" \/>\n<script type=\"application\/ld+json\" class=\"yoast-schema-graph\">{\"@context\":\"https:\/\/schema.org\",\"@graph\":[{\"@type\":\"Organization\",\"@id\":\"https:\/\/venicetourbyboat.com\/it\/#organization\",\"name\":\"Venice Tour By Boat\",\"url\":\"https:\/\/venicetourbyboat.com\/it\/\",\"sameAs\":[],\"logo\":{\"@type\":\"ImageObject\",\"@id\":\"https:\/\/venicetourbyboat.com\/it\/#logo\",\"inLanguage\":\"it-IT\",\"url\":\"https:\/\/venicetourbyboat.com\/wp-content\/uploads\/2020\/08\/NUOVO-LOGO-.png\",\"contentUrl\":\"https:\/\/venicetourbyboat.com\/wp-content\/uploads\/2020\/08\/NUOVO-LOGO-.png\",\"width\":4148,\"height\":2857,\"caption\":\"Venice Tour By Boat\"},\"image\":{\"@id\":\"https:\/\/venicetourbyboat.com\/it\/#logo\"}},{\"@type\":\"WebSite\",\"@id\":\"https:\/\/venicetourbyboat.com\/it\/#website\",\"url\":\"https:\/\/venicetourbyboat.com\/it\/\",\"name\":\"Venice Tour By Boat\",\"description\":\"LITTLE PRICES FOR GREAT EMOTIONS\",\"publisher\":{\"@id\":\"https:\/\/venicetourbyboat.com\/it\/#organization\"},\"potentialAction\":[{\"@type\":\"SearchAction\",\"target\":\"https:\/\/venicetourbyboat.com\/it\/?s={search_term_string}\",\"query-input\":\"required name=search_term_string\"}],\"inLanguage\":\"it-IT\"},{\"@type\":\"WebPage\",\"@id\":\"https:\/\/venicetourbyboat.com\/it\/privacy-policy\/#webpage\",\"url\":\"https:\/\/venicetourbyboat.com\/it\/privacy-policy\/\",\"name\":\"Privacy Policy e utilizzo Cookie - Venice Tour By Boat\",\"isPartOf\":{\"@id\":\"https:\/\/venicetourbyboat.com\/it\/#website\"},\"datePublished\":\"2020-07-22T10:08:47+00:00\",\"dateModified\":\"2026-03-23T08:18:48+00:00\",\"breadcrumb\":{\"@id\":\"https:\/\/venicetourbyboat.com\/it\/privacy-policy\/#breadcrumb\"},\"inLanguage\":\"it-IT\",\"potentialAction\":[{\"@type\":\"ReadAction\",\"target\":[\"https:\/\/venicetourbyboat.com\/it\/privacy-policy\/\"]}]},{\"@type\":\"BreadcrumbList\",\"@id\":\"https:\/\/venicetourbyboat.com\/it\/privacy-policy\/#breadcrumb\",\"itemListElement\":[{\"@type\":\"ListItem\",\"position\":1,\"name\":\"Home\",\"item\":\"https:\/\/venicetourbyboat.com\/it\/\"},{\"@type\":\"ListItem\",\"position\":2,\"name\":\"Privacy Policy e utilizzo Cookie\"}]}]}<\/script>\n<!-- \/ Yoast SEO plugin. -->","_links":{"self":[{"href":"https:\/\/venicetourbyboat.com\/it\/wp-json\/wp\/v2\/pages\/181"}],"collection":[{"href":"https:\/\/venicetourbyboat.com\/it\/wp-json\/wp\/v2\/pages"}],"about":[{"href":"https:\/\/venicetourbyboat.com\/it\/wp-json\/wp\/v2\/types\/page"}],"author":[{"embeddable":true,"href":"https:\/\/venicetourbyboat.com\/it\/wp-json\/wp\/v2\/users\/1"}],"replies":[{"embeddable":true,"href":"https:\/\/venicetourbyboat.com\/it\/wp-json\/wp\/v2\/comments?post=181"}],"version-history":[{"count":3,"href":"https:\/\/venicetourbyboat.com\/it\/wp-json\/wp\/v2\/pages\/181\/revisions"}],"predecessor-version":[{"id":1765,"href":"https:\/\/venicetourbyboat.com\/it\/wp-json\/wp\/v2\/pages\/181\/revisions\/1765"}],"wp:attachment":[{"href":"https:\/\/venicetourbyboat.com\/it\/wp-json\/wp\/v2\/media?parent=181"}],"curies":[{"name":"wp","href":"https:\/\/api.w.org\/{rel}","templated":true}]}}