{"id":153,"date":"2020-06-23T16:57:12","date_gmt":"2020-06-23T14:57:12","guid":{"rendered":"https:\/\/dev.venicetourbyboat.com\/?page_id=153"},"modified":"2025-03-10T12:35:50","modified_gmt":"2025-03-10T10:35:50","slug":"la-barca","status":"publish","type":"page","link":"https:\/\/venicetourbyboat.com\/it\/la-barca\/","title":{"rendered":"Le Barche"},"content":{"rendered":"\n<p><strong>Lancia Limousine:<\/strong> Per un escursione avvolti nel massimo comfort siamo lieti di proporvi la nostra lancia veneziana con il suo salotto interno realizzato completamente a mano. E\u2019 dotata di un impianto stereo di ultima generazione, con la possibilit\u00e0 di carica il cellulare da presa usb. Inoltre la lancia ha la caratteristica unica nel suo genere di avere il tetto apribile tipo limousine; ci\u00f2 vi permetter\u00e0 di godervi il viaggio all\u2019interno della cabina in totale privacy ma allo stesso tempo con la possibilit\u00e0 di ammirare il paesaggio circostante senza filtri, per un esperienza unica. In caso di avversit\u00e0 metereologiche l\u2019imbarcazione pu\u00f2 essere completamente chiusa, per operare nella massima serenit\u00e0 sia nel periodo estivo sia in quello invernale in cui \u00e8 attivo anche il sistema di riscaldamento.<\/p>\n\n\n\n<p>Rina E\u2019 omologato per un trasporto passeggeri&nbsp;<strong>fino a 10 persone<\/strong>.<\/p>\n\n\n\n<p><strong>Caratteristiche tecniche:<\/strong><\/p>\n\n\n\n<p><strong> lunghezza:<\/strong>&nbsp;8,60 metri<\/p>\n\n\n\n<p> <strong>larghezza:<\/strong>&nbsp;2,50 metri <\/p>\n\n\n\n<p><strong>peso a secco:<\/strong>&nbsp;2.000 kg<\/p>\n\n\n\n<p><strong>motore:<\/strong>&nbsp;130 hp velocit\u00e0 massima di crociera 10 km\/h per assaporare meglio il viaggio della laguna<\/p>\n\n\n\n<figure class=\"wp-block-gallery columns-3 is-cropped\"><ul class=\"blocks-gallery-grid\"><li class=\"blocks-gallery-item\"><figure><a href=\"https:\/\/venicetourbyboat.com\/wp-content\/uploads\/2020\/07\/IMG-20191017-WA0002-1-768x1024.jpg\" data-rel=\"lightbox-image-0\" data-rl_title=\"\" data-rl_caption=\"\" title=\"\"><img loading=\"lazy\" width=\"768\" height=\"1024\" src=\"https:\/\/venicetourbyboat.com\/wp-content\/uploads\/2020\/07\/IMG-20191017-WA0002-1-768x1024.jpg\" alt=\"\" data-id=\"232\" data-link=\"https:\/\/venicetourbyboat.com\/it\/la-barca\/img-20191017-wa0002-1\/\" class=\"wp-image-232\" srcset=\"https:\/\/venicetourbyboat.com\/wp-content\/uploads\/2020\/07\/IMG-20191017-WA0002-1-768x1024.jpg 768w, https:\/\/venicetourbyboat.com\/wp-content\/uploads\/2020\/07\/IMG-20191017-WA0002-1-225x300.jpg 225w, https:\/\/venicetourbyboat.com\/wp-content\/uploads\/2020\/07\/IMG-20191017-WA0002-1-1152x1536.jpg 1152w, https:\/\/venicetourbyboat.com\/wp-content\/uploads\/2020\/07\/IMG-20191017-WA0002-1.jpg 1200w\" sizes=\"(max-width: 768px) 100vw, 768px\" \/><\/a><\/figure><\/li><li class=\"blocks-gallery-item\"><figure><a href=\"https:\/\/venicetourbyboat.com\/wp-content\/uploads\/2020\/07\/IMG-20191017-WA0004-1-1024x768.jpg\" data-rel=\"lightbox-image-1\" data-rl_title=\"\" data-rl_caption=\"\" title=\"\"><img loading=\"lazy\" width=\"1024\" height=\"768\" src=\"https:\/\/venicetourbyboat.com\/wp-content\/uploads\/2020\/07\/IMG-20191017-WA0004-1-1024x768.jpg\" alt=\"\" data-id=\"234\" data-link=\"https:\/\/venicetourbyboat.com\/it\/la-barca\/img-20191017-wa0004-1\/\" class=\"wp-image-234\" srcset=\"https:\/\/venicetourbyboat.com\/wp-content\/uploads\/2020\/07\/IMG-20191017-WA0004-1-1024x768.jpg 1024w, https:\/\/venicetourbyboat.com\/wp-content\/uploads\/2020\/07\/IMG-20191017-WA0004-1-300x225.jpg 300w, https:\/\/venicetourbyboat.com\/wp-content\/uploads\/2020\/07\/IMG-20191017-WA0004-1-768x576.jpg 768w, https:\/\/venicetourbyboat.com\/wp-content\/uploads\/2020\/07\/IMG-20191017-WA0004-1-1536x1152.jpg 1536w, https:\/\/venicetourbyboat.com\/wp-content\/uploads\/2020\/07\/IMG-20191017-WA0004-1.jpg 1600w\" sizes=\"(max-width: 1024px) 100vw, 1024px\" \/><\/a><\/figure><\/li><li class=\"blocks-gallery-item\"><figure><a href=\"https:\/\/venicetourbyboat.com\/wp-content\/uploads\/2020\/07\/IMG-20191017-WA0005-1-1024x768.jpg\" data-rel=\"lightbox-image-2\" data-rl_title=\"\" data-rl_caption=\"\" title=\"\"><img loading=\"lazy\" width=\"1024\" height=\"768\" src=\"https:\/\/venicetourbyboat.com\/wp-content\/uploads\/2020\/07\/IMG-20191017-WA0005-1-1024x768.jpg\" alt=\"\" data-id=\"236\" data-link=\"https:\/\/venicetourbyboat.com\/it\/la-barca\/img-20191017-wa0005-1\/\" class=\"wp-image-236\" srcset=\"https:\/\/venicetourbyboat.com\/wp-content\/uploads\/2020\/07\/IMG-20191017-WA0005-1-1024x768.jpg 1024w, https:\/\/venicetourbyboat.com\/wp-content\/uploads\/2020\/07\/IMG-20191017-WA0005-1-300x225.jpg 300w, https:\/\/venicetourbyboat.com\/wp-content\/uploads\/2020\/07\/IMG-20191017-WA0005-1-768x576.jpg 768w, https:\/\/venicetourbyboat.com\/wp-content\/uploads\/2020\/07\/IMG-20191017-WA0005-1-1536x1152.jpg 1536w, https:\/\/venicetourbyboat.com\/wp-content\/uploads\/2020\/07\/IMG-20191017-WA0005-1.jpg 1600w\" sizes=\"(max-width: 1024px) 100vw, 1024px\" \/><\/a><\/figure><\/li><li class=\"blocks-gallery-item\"><figure><a href=\"https:\/\/venicetourbyboat.com\/wp-content\/uploads\/2020\/07\/IMG-20191017-WA0006-1-768x1024.jpg\" data-rel=\"lightbox-image-3\" data-rl_title=\"\" data-rl_caption=\"\" title=\"\"><img loading=\"lazy\" width=\"768\" height=\"1024\" src=\"https:\/\/venicetourbyboat.com\/wp-content\/uploads\/2020\/07\/IMG-20191017-WA0006-1-768x1024.jpg\" alt=\"\" data-id=\"238\" data-link=\"https:\/\/venicetourbyboat.com\/it\/la-barca\/img-20191017-wa0006-1\/\" class=\"wp-image-238\" srcset=\"https:\/\/venicetourbyboat.com\/wp-content\/uploads\/2020\/07\/IMG-20191017-WA0006-1-768x1024.jpg 768w, https:\/\/venicetourbyboat.com\/wp-content\/uploads\/2020\/07\/IMG-20191017-WA0006-1-225x300.jpg 225w, https:\/\/venicetourbyboat.com\/wp-content\/uploads\/2020\/07\/IMG-20191017-WA0006-1-1152x1536.jpg 1152w, https:\/\/venicetourbyboat.com\/wp-content\/uploads\/2020\/07\/IMG-20191017-WA0006-1.jpg 1200w\" sizes=\"(max-width: 768px) 100vw, 768px\" \/><\/a><\/figure><\/li><li class=\"blocks-gallery-item\"><figure><a href=\"https:\/\/venicetourbyboat.com\/wp-content\/uploads\/2020\/07\/IMG-20200104-WA0005-1-1-768x1024.jpg\" data-rel=\"lightbox-image-4\" data-rl_title=\"\" data-rl_caption=\"\" title=\"\"><img loading=\"lazy\" width=\"768\" height=\"1024\" src=\"https:\/\/venicetourbyboat.com\/wp-content\/uploads\/2020\/07\/IMG-20200104-WA0005-1-1-768x1024.jpg\" alt=\"\" data-id=\"240\" data-link=\"https:\/\/venicetourbyboat.com\/it\/la-barca\/img-20200104-wa0005-1-1\/\" class=\"wp-image-240\" srcset=\"https:\/\/venicetourbyboat.com\/wp-content\/uploads\/2020\/07\/IMG-20200104-WA0005-1-1-768x1024.jpg 768w, https:\/\/venicetourbyboat.com\/wp-content\/uploads\/2020\/07\/IMG-20200104-WA0005-1-1-225x300.jpg 225w, https:\/\/venicetourbyboat.com\/wp-content\/uploads\/2020\/07\/IMG-20200104-WA0005-1-1-1152x1536.jpg 1152w, https:\/\/venicetourbyboat.com\/wp-content\/uploads\/2020\/07\/IMG-20200104-WA0005-1-1.jpg 1200w\" sizes=\"(max-width: 768px) 100vw, 768px\" \/><\/a><\/figure><\/li><li class=\"blocks-gallery-item\"><figure><a href=\"https:\/\/venicetourbyboat.com\/wp-content\/uploads\/2020\/08\/taxiopen.jpeg\" data-rel=\"lightbox-image-5\" data-rl_title=\"\" data-rl_caption=\"\" title=\"\"><img loading=\"lazy\" width=\"1024\" height=\"412\" src=\"https:\/\/venicetourbyboat.com\/wp-content\/uploads\/2020\/08\/taxiopen-1024x412.jpeg\" alt=\"\" data-id=\"492\" data-full-url=\"https:\/\/venicetourbyboat.com\/wp-content\/uploads\/2020\/08\/taxiopen.jpeg\" data-link=\"https:\/\/venicetourbyboat.com\/la-barca\/taxiopen\/\" class=\"wp-image-492\" srcset=\"https:\/\/venicetourbyboat.com\/wp-content\/uploads\/2020\/08\/taxiopen-1024x412.jpeg 1024w, https:\/\/venicetourbyboat.com\/wp-content\/uploads\/2020\/08\/taxiopen-300x121.jpeg 300w, https:\/\/venicetourbyboat.com\/wp-content\/uploads\/2020\/08\/taxiopen-768x309.jpeg 768w, https:\/\/venicetourbyboat.com\/wp-content\/uploads\/2020\/08\/taxiopen-1536x617.jpeg 1536w, https:\/\/venicetourbyboat.com\/wp-content\/uploads\/2020\/08\/taxiopen.jpeg 1600w\" sizes=\"(max-width: 1024px) 100vw, 1024px\" \/><\/a><\/figure><\/li><\/ul><\/figure>\n\n\n\n<p><strong>Lancia Magmun Elegance:<\/strong> Per un escursione avvolti nel massimo comfort siamo lieti di proporvi la nostra lancia veneziana Magnum Elegance con il suo salotto interno realizzato completamente a mano. E\u2019 dotata di un impianto stereo di ultima generazione, con la possibilit\u00e0 di carica il cellulare da presa usb. <\/p>\n\n\n\n<p>Rina E\u2019 omologato per un trasporto passeggeri&nbsp;<strong>fino a 10 persone<\/strong>.<\/p>\n\n\n\n<p><strong>Caratteristiche tecniche:<\/strong><\/p>\n\n\n\n<p><strong> lunghezza:<\/strong>&nbsp;9,80 metri<\/p>\n\n\n\n<p> <strong>larghezza:<\/strong>&nbsp;2,80 metri <\/p>\n\n\n\n<p><strong>peso a secco:<\/strong>&nbsp;3.000 kg<\/p>\n\n\n\n<p><strong>motore:<\/strong>&nbsp;220 hp<\/p>\n\n\n\n<figure class=\"wp-block-gallery columns-3 is-cropped\"><ul class=\"blocks-gallery-grid\"><li class=\"blocks-gallery-item\"><figure><a href=\"https:\/\/venicetourbyboat.com\/wp-content\/uploads\/2021\/12\/lancia-magnum.jpeg\" data-rel=\"lightbox-image-6\" data-rl_title=\"\" data-rl_caption=\"\" title=\"\"><img loading=\"lazy\" width=\"1024\" height=\"768\" src=\"https:\/\/venicetourbyboat.com\/wp-content\/uploads\/2021\/12\/lancia-magnum-1024x768.jpeg\" alt=\"\" data-id=\"788\" data-full-url=\"https:\/\/venicetourbyboat.com\/wp-content\/uploads\/2021\/12\/lancia-magnum.jpeg\" data-link=\"https:\/\/venicetourbyboat.com\/it\/la-barca\/lancia-magnum\/\" class=\"wp-image-788\" srcset=\"https:\/\/venicetourbyboat.com\/wp-content\/uploads\/2021\/12\/lancia-magnum-1024x768.jpeg 1024w, https:\/\/venicetourbyboat.com\/wp-content\/uploads\/2021\/12\/lancia-magnum-300x225.jpeg 300w, https:\/\/venicetourbyboat.com\/wp-content\/uploads\/2021\/12\/lancia-magnum-768x576.jpeg 768w, https:\/\/venicetourbyboat.com\/wp-content\/uploads\/2021\/12\/lancia-magnum.jpeg 1200w\" sizes=\"(max-width: 1024px) 100vw, 1024px\" \/><\/a><\/figure><\/li><li class=\"blocks-gallery-item\"><figure><a href=\"https:\/\/venicetourbyboat.com\/wp-content\/uploads\/2021\/12\/lancia-magnum2.jpeg\" data-rel=\"lightbox-image-7\" data-rl_title=\"\" data-rl_caption=\"\" title=\"\"><img loading=\"lazy\" width=\"1024\" height=\"768\" src=\"https:\/\/venicetourbyboat.com\/wp-content\/uploads\/2021\/12\/lancia-magnum2-1024x768.jpeg\" alt=\"\" data-id=\"790\" data-full-url=\"https:\/\/venicetourbyboat.com\/wp-content\/uploads\/2021\/12\/lancia-magnum2.jpeg\" data-link=\"https:\/\/venicetourbyboat.com\/it\/la-barca\/lancia-magnum2\/\" class=\"wp-image-790\" srcset=\"https:\/\/venicetourbyboat.com\/wp-content\/uploads\/2021\/12\/lancia-magnum2-1024x768.jpeg 1024w, https:\/\/venicetourbyboat.com\/wp-content\/uploads\/2021\/12\/lancia-magnum2-300x225.jpeg 300w, https:\/\/venicetourbyboat.com\/wp-content\/uploads\/2021\/12\/lancia-magnum2-768x576.jpeg 768w, https:\/\/venicetourbyboat.com\/wp-content\/uploads\/2021\/12\/lancia-magnum2.jpeg 1200w\" sizes=\"(max-width: 1024px) 100vw, 1024px\" \/><\/a><\/figure><\/li><li class=\"blocks-gallery-item\"><figure><a href=\"https:\/\/venicetourbyboat.com\/wp-content\/uploads\/2021\/12\/lancia-magnum3.jpeg\" data-rel=\"lightbox-image-8\" data-rl_title=\"\" data-rl_caption=\"\" title=\"\"><img loading=\"lazy\" width=\"1024\" height=\"768\" src=\"https:\/\/venicetourbyboat.com\/wp-content\/uploads\/2021\/12\/lancia-magnum3-1024x768.jpeg\" alt=\"\" data-id=\"792\" data-full-url=\"https:\/\/venicetourbyboat.com\/wp-content\/uploads\/2021\/12\/lancia-magnum3.jpeg\" data-link=\"https:\/\/venicetourbyboat.com\/it\/la-barca\/lancia-magnum3\/\" class=\"wp-image-792\" srcset=\"https:\/\/venicetourbyboat.com\/wp-content\/uploads\/2021\/12\/lancia-magnum3-1024x768.jpeg 1024w, https:\/\/venicetourbyboat.com\/wp-content\/uploads\/2021\/12\/lancia-magnum3-300x225.jpeg 300w, https:\/\/venicetourbyboat.com\/wp-content\/uploads\/2021\/12\/lancia-magnum3-768x576.jpeg 768w, https:\/\/venicetourbyboat.com\/wp-content\/uploads\/2021\/12\/lancia-magnum3.jpeg 1200w\" sizes=\"(max-width: 1024px) 100vw, 1024px\" \/><\/a><\/figure><\/li><\/ul><\/figure>\n\n\n\n<p><strong>La Motonave:<\/strong> ideale per le escursioni fluviali e lagunari, con i suoi 100 comodi posti panoramici su 2 piani, di cui uno coperto, e il grande spazio del ponte che consente di non perdersi nemmeno un dettaglio.<\/p>\n\n\n\n<p>Perfetta per feste private come compleanni, lauree, anniversari e ricorrenze liete, \u00e8 particolarmente adatta per crociere ed eventi aziendali: meeting, convegni, riunioni, sfilate o cene di lavoro.<\/p>\n\n\n\n<p><strong>Caratteristiche tecniche:<\/strong><\/p>\n\n\n\n<p><strong>lunghezza:<\/strong>&nbsp;26metri<\/p>\n\n\n\n<p><strong>larghezza:<\/strong>&nbsp;6 metri<\/p>\n\n\n\n<p><strong>Capienza totale: <\/strong>100 pax<\/p>\n\n\n\n<figure class=\"wp-block-gallery columns-3 is-cropped\"><ul class=\"blocks-gallery-grid\"><li class=\"blocks-gallery-item\"><figure><img loading=\"lazy\" width=\"1024\" height=\"768\" src=\"https:\/\/venicetourbyboat.com\/wp-content\/uploads\/2021\/12\/barca-big-1-1-1024x768.jpg\" alt=\"Venice Boat Excursion\" data-id=\"783\" data-full-url=\"https:\/\/venicetourbyboat.com\/wp-content\/uploads\/2021\/12\/barca-big-1-1.jpg\" data-link=\"https:\/\/venicetourbyboat.com\/it\/la-barca\/barca-big-1-2-2\/\" class=\"wp-image-783\" srcset=\"https:\/\/venicetourbyboat.com\/wp-content\/uploads\/2021\/12\/barca-big-1-1-1024x768.jpg 1024w, https:\/\/venicetourbyboat.com\/wp-content\/uploads\/2021\/12\/barca-big-1-1-300x225.jpg 300w, https:\/\/venicetourbyboat.com\/wp-content\/uploads\/2021\/12\/barca-big-1-1-768x576.jpg 768w, https:\/\/venicetourbyboat.com\/wp-content\/uploads\/2021\/12\/barca-big-1-1.jpg 1200w\" sizes=\"(max-width: 1024px) 100vw, 1024px\" \/><\/figure><\/li><li class=\"blocks-gallery-item\"><figure><img loading=\"lazy\" width=\"1024\" height=\"768\" src=\"https:\/\/venicetourbyboat.com\/wp-content\/uploads\/2021\/12\/barca-big-2-1-1024x768.jpg\" alt=\"Venice Boat Excursion\" data-id=\"781\" data-full-url=\"https:\/\/venicetourbyboat.com\/wp-content\/uploads\/2021\/12\/barca-big-2-1.jpg\" data-link=\"https:\/\/venicetourbyboat.com\/it\/la-barca\/barca-big-2-2-2\/\" class=\"wp-image-781\" srcset=\"https:\/\/venicetourbyboat.com\/wp-content\/uploads\/2021\/12\/barca-big-2-1-1024x768.jpg 1024w, https:\/\/venicetourbyboat.com\/wp-content\/uploads\/2021\/12\/barca-big-2-1-300x225.jpg 300w, https:\/\/venicetourbyboat.com\/wp-content\/uploads\/2021\/12\/barca-big-2-1-768x576.jpg 768w, https:\/\/venicetourbyboat.com\/wp-content\/uploads\/2021\/12\/barca-big-2-1.jpg 1200w\" sizes=\"(max-width: 1024px) 100vw, 1024px\" \/><\/figure><\/li><li class=\"blocks-gallery-item\"><figure><img loading=\"lazy\" width=\"1024\" height=\"768\" src=\"https:\/\/venicetourbyboat.com\/wp-content\/uploads\/2021\/12\/barca-big-3-1-1024x768.jpg\" alt=\"Venice Boat Excursion\" data-id=\"779\" data-full-url=\"https:\/\/venicetourbyboat.com\/wp-content\/uploads\/2021\/12\/barca-big-3-1.jpg\" data-link=\"https:\/\/venicetourbyboat.com\/it\/la-barca\/barca-big-3-2-2\/\" class=\"wp-image-779\" srcset=\"https:\/\/venicetourbyboat.com\/wp-content\/uploads\/2021\/12\/barca-big-3-1-1024x768.jpg 1024w, https:\/\/venicetourbyboat.com\/wp-content\/uploads\/2021\/12\/barca-big-3-1-300x225.jpg 300w, https:\/\/venicetourbyboat.com\/wp-content\/uploads\/2021\/12\/barca-big-3-1-768x576.jpg 768w, https:\/\/venicetourbyboat.com\/wp-content\/uploads\/2021\/12\/barca-big-3-1.jpg 1200w\" sizes=\"(max-width: 1024px) 100vw, 1024px\" \/><\/figure><\/li><li class=\"blocks-gallery-item\"><figure><img loading=\"lazy\" width=\"768\" height=\"1024\" src=\"https:\/\/venicetourbyboat.com\/wp-content\/uploads\/2021\/12\/barca-big-4-768x1024.jpg\" alt=\"Venice Boat Excursion\" data-id=\"777\" data-full-url=\"https:\/\/venicetourbyboat.com\/wp-content\/uploads\/2021\/12\/barca-big-4.jpg\" data-link=\"https:\/\/venicetourbyboat.com\/it\/la-barca\/barca-big-4-2\/\" class=\"wp-image-777\" srcset=\"https:\/\/venicetourbyboat.com\/wp-content\/uploads\/2021\/12\/barca-big-4-768x1024.jpg 768w, https:\/\/venicetourbyboat.com\/wp-content\/uploads\/2021\/12\/barca-big-4-225x300.jpg 225w, https:\/\/venicetourbyboat.com\/wp-content\/uploads\/2021\/12\/barca-big-4.jpg 1000w\" sizes=\"(max-width: 768px) 100vw, 768px\" \/><\/figure><\/li><\/ul><\/figure>\n\n\n\n<p><\/p>\n","protected":false},"excerpt":{"rendered":"<p>Lancia Limousine: Per un escursione avvolti nel massimo comfort siamo lieti di proporvi la nostra lancia veneziana con il suo salotto interno realizzato completamente a mano. E\u2019 dotata di un impianto stereo di ultima generazione, [&hellip;]<\/p>\n","protected":false},"author":1,"featured_media":353,"parent":0,"menu_order":0,"comment_status":"closed","ping_status":"closed","template":"","meta":[],"yoast_head":"<!-- This site is optimized with the Yoast SEO plugin v16.5 - https:\/\/yoast.com\/wordpress\/plugins\/seo\/ -->\n<meta name=\"description\" content=\"Le nostre barche dispongono di tutte le necessit\u00e0 per un escursione avvolti nel massimo comfort, offrendo anche stabilit\u00e0 e affidabilit\u00e0.\" \/>\n<meta name=\"robots\" content=\"index, follow, max-snippet:-1, max-image-preview:large, max-video-preview:-1\" \/>\n<link rel=\"canonical\" href=\"https:\/\/venicetourbyboat.com\/it\/la-barca\/\" \/>\n<meta property=\"og:locale\" content=\"it_IT\" \/>\n<meta property=\"og:type\" content=\"article\" \/>\n<meta property=\"og:title\" content=\"Le nostre barche - Venice Tour By Boat\" \/>\n<meta property=\"og:description\" content=\"Le nostre barche dispongono di tutte le necessit\u00e0 per un escursione avvolti nel massimo comfort, offrendo anche stabilit\u00e0 e affidabilit\u00e0.\" \/>\n<meta property=\"og:url\" content=\"https:\/\/venicetourbyboat.com\/it\/la-barca\/\" \/>\n<meta property=\"og:site_name\" content=\"Venice Tour By Boat\" \/>\n<meta property=\"article:modified_time\" content=\"2025-03-10T10:35:50+00:00\" \/>\n<meta property=\"og:image\" content=\"https:\/\/venicetourbyboat.com\/wp-content\/uploads\/2020\/08\/barca-nuova-1.jpg\" \/>\n\t<meta property=\"og:image:width\" content=\"875\" \/>\n\t<meta property=\"og:image:height\" content=\"1065\" \/>\n<meta name=\"twitter:card\" content=\"summary_large_image\" \/>\n<meta name=\"twitter:label1\" content=\"Tempo di lettura stimato\" \/>\n\t<meta name=\"twitter:data1\" content=\"4 minuti\" \/>\n<script type=\"application\/ld+json\" class=\"yoast-schema-graph\">{\"@context\":\"https:\/\/schema.org\",\"@graph\":[{\"@type\":\"Organization\",\"@id\":\"https:\/\/venicetourbyboat.com\/it\/#organization\",\"name\":\"Venice Tour By Boat\",\"url\":\"https:\/\/venicetourbyboat.com\/it\/\",\"sameAs\":[],\"logo\":{\"@type\":\"ImageObject\",\"@id\":\"https:\/\/venicetourbyboat.com\/it\/#logo\",\"inLanguage\":\"it-IT\",\"url\":\"https:\/\/venicetourbyboat.com\/wp-content\/uploads\/2020\/08\/NUOVO-LOGO-.png\",\"contentUrl\":\"https:\/\/venicetourbyboat.com\/wp-content\/uploads\/2020\/08\/NUOVO-LOGO-.png\",\"width\":4148,\"height\":2857,\"caption\":\"Venice Tour By Boat\"},\"image\":{\"@id\":\"https:\/\/venicetourbyboat.com\/it\/#logo\"}},{\"@type\":\"WebSite\",\"@id\":\"https:\/\/venicetourbyboat.com\/it\/#website\",\"url\":\"https:\/\/venicetourbyboat.com\/it\/\",\"name\":\"Venice Tour By Boat\",\"description\":\"LITTLE PRICES FOR GREAT EMOTIONS\",\"publisher\":{\"@id\":\"https:\/\/venicetourbyboat.com\/it\/#organization\"},\"potentialAction\":[{\"@type\":\"SearchAction\",\"target\":\"https:\/\/venicetourbyboat.com\/it\/?s={search_term_string}\",\"query-input\":\"required name=search_term_string\"}],\"inLanguage\":\"it-IT\"},{\"@type\":\"ImageObject\",\"@id\":\"https:\/\/venicetourbyboat.com\/it\/la-barca\/#primaryimage\",\"inLanguage\":\"it-IT\",\"url\":\"https:\/\/venicetourbyboat.com\/wp-content\/uploads\/2020\/08\/barca-nuova-1.jpg\",\"contentUrl\":\"https:\/\/venicetourbyboat.com\/wp-content\/uploads\/2020\/08\/barca-nuova-1.jpg\",\"width\":875,\"height\":1065,\"caption\":\"tour in barca privato\"},{\"@type\":\"WebPage\",\"@id\":\"https:\/\/venicetourbyboat.com\/it\/la-barca\/#webpage\",\"url\":\"https:\/\/venicetourbyboat.com\/it\/la-barca\/\",\"name\":\"Le nostre barche - Venice Tour By Boat\",\"isPartOf\":{\"@id\":\"https:\/\/venicetourbyboat.com\/it\/#website\"},\"primaryImageOfPage\":{\"@id\":\"https:\/\/venicetourbyboat.com\/it\/la-barca\/#primaryimage\"},\"datePublished\":\"2020-06-23T14:57:12+00:00\",\"dateModified\":\"2025-03-10T10:35:50+00:00\",\"description\":\"Le nostre barche dispongono di tutte le necessit\\u00e0 per un escursione avvolti nel massimo comfort, offrendo anche stabilit\\u00e0 e affidabilit\\u00e0.\",\"breadcrumb\":{\"@id\":\"https:\/\/venicetourbyboat.com\/it\/la-barca\/#breadcrumb\"},\"inLanguage\":\"it-IT\",\"potentialAction\":[{\"@type\":\"ReadAction\",\"target\":[\"https:\/\/venicetourbyboat.com\/it\/la-barca\/\"]}]},{\"@type\":\"BreadcrumbList\",\"@id\":\"https:\/\/venicetourbyboat.com\/it\/la-barca\/#breadcrumb\",\"itemListElement\":[{\"@type\":\"ListItem\",\"position\":1,\"name\":\"Home\",\"item\":\"https:\/\/venicetourbyboat.com\/it\/\"},{\"@type\":\"ListItem\",\"position\":2,\"name\":\"Le Barche\"}]}]}<\/script>\n<!-- \/ Yoast SEO plugin. -->","_links":{"self":[{"href":"https:\/\/venicetourbyboat.com\/it\/wp-json\/wp\/v2\/pages\/153"}],"collection":[{"href":"https:\/\/venicetourbyboat.com\/it\/wp-json\/wp\/v2\/pages"}],"about":[{"href":"https:\/\/venicetourbyboat.com\/it\/wp-json\/wp\/v2\/types\/page"}],"author":[{"embeddable":true,"href":"https:\/\/venicetourbyboat.com\/it\/wp-json\/wp\/v2\/users\/1"}],"replies":[{"embeddable":true,"href":"https:\/\/venicetourbyboat.com\/it\/wp-json\/wp\/v2\/comments?post=153"}],"version-history":[{"count":3,"href":"https:\/\/venicetourbyboat.com\/it\/wp-json\/wp\/v2\/pages\/153\/revisions"}],"predecessor-version":[{"id":924,"href":"https:\/\/venicetourbyboat.com\/it\/wp-json\/wp\/v2\/pages\/153\/revisions\/924"}],"wp:featuredmedia":[{"embeddable":true,"href":"https:\/\/venicetourbyboat.com\/it\/wp-json\/wp\/v2\/media\/353"}],"wp:attachment":[{"href":"https:\/\/venicetourbyboat.com\/it\/wp-json\/wp\/v2\/media?parent=153"}],"curies":[{"name":"wp","href":"https:\/\/api.w.org\/{rel}","templated":true}]}}